{"id":1561,"date":"2025-02-12T15:28:15","date_gmt":"2025-02-12T13:28:15","guid":{"rendered":"https:\/\/casino-amp3.top\/?page_id=1561"},"modified":"2025-02-12T15:28:15","modified_gmt":"2025-02-12T13:28:15","slug":"m%c9%99suliyy%c9%99tli-oyun","status":"publish","type":"page","link":"https:\/\/casino-amp3.top\/az\/m%c9%99suliyy%c9%99tli-oyun\/","title":{"rendered":"m\u0259suliyy\u0259tli oyun"},"content":{"rendered":"<h1><b>Melbet Casino-da M\u0259sul Oyun<\/b><\/h1>\n<p><span style=\"font-weight: 400;\">Melbet istifad\u0259\u00e7il\u0259r\u0259 oyun f\u0259aliyy\u0259tin\u0259 n\u0259zar\u0259t etm\u0259k v\u0259 \u00f6zl\u0259rini m\u00fcmk\u00fcn riskl\u0259rd\u0259n qorumaq \u00fc\u00e7\u00fcn al\u0259tl\u0259r t\u0259qdim ed\u0259r\u0259k, m\u0259suliyy\u0259tli oyun prinsipl\u0259rin\u0259 riay\u0259t edir. Kazino anlay\u0131r ki, qumar \u0259yl\u0259nc\u0259 formas\u0131 olaraq qalmal\u0131 v\u0259 problem\u0259 \u00e7evrilm\u0259m\u0259lidir, ona g\u00f6r\u0259 d\u0259 oyun\u00e7ulara m\u00fcxt\u0259lif \u00f6z\u00fcn\u00fc idar\u0259 etm\u0259 t\u0259dbirl\u0259ri t\u0259klif edir.<\/span><\/p>\n<p><span style=\"font-weight: 400;\">H\u0259r bir istifad\u0259\u00e7i m\u00fcst\u0259qil olaraq depozitl\u0259r, m\u0259rcl\u0259r v\u0259 z\u0259r\u0259rl\u0259r \u00fczr\u0259 limitl\u0259r t\u0259yin ed\u0259 bil\u0259r ki, bu da siz\u0259 oyun x\u0259rcl\u0259riniz\u0259 n\u0259zar\u0259t etm\u0259y\u0259 imkan verir. Platformada s\u0259rf olunan vaxt\u0131 m\u0259hdudla\u015fd\u0131rmaq da m\u00fcmk\u00fcnd\u00fcr. Laz\u0131m g\u0259l\u0259rs\u0259, oyun\u00e7ular hesab\u0131n m\u00fcv\u0259qq\u0259ti bloklanmas\u0131 funksiyas\u0131ndan istifad\u0259 ed\u0259 v\u0259 ya \u00f6z\u00fcn\u00fc istisna sor\u011fusu g\u00f6nd\u0259rm\u0259kl\u0259 qumara giri\u015fd\u0259n tamamil\u0259 imtina ed\u0259 bil\u0259rl\u0259r.<\/span><\/p>\n<p><span style=\"font-weight: 400;\">Qumar as\u0131l\u0131l\u0131\u011f\u0131n\u0131n qar\u015f\u0131s\u0131n\u0131 almaq \u00fc\u00e7\u00fcn Melbet problemli davran\u0131\u015f \u0259lam\u0259tl\u0259rini m\u00fc\u0259yy\u0259n etm\u0259y\u0259 k\u00f6m\u0259k ed\u0259n \u00f6z\u00fcn\u00fcdiaqnostika al\u0259tl\u0259ri t\u0259klif edir. \u018fg\u0259r oyun\u00e7u oyun prosesin\u0259 n\u0259zar\u0259ti itirdiyini, m\u0259rc etm\u0259k \u00fc\u00e7\u00fcn borc g\u00f6t\u00fcrd\u00fcy\u00fc v\u0259saitl\u0259rd\u0259n istifad\u0259 etdiyini v\u0259 ya qumar oyunlar\u0131n\u0131n m\u0259nfi n\u0259tic\u0259l\u0259ri il\u0259 \u00fczl\u0259\u015fdiyini g\u00f6rs\u0259, \u00f6z\u00fcn\u00fc istisna etm\u0259 funksiyas\u0131ndan istifad\u0259 etm\u0259k v\u0259 ya pe\u015f\u0259kar yard\u0131m axtarmaq t\u00f6vsiy\u0259 olunur.<\/span><\/p>\n<p><span style=\"font-weight: 400;\">kazino, h\u0259m\u00e7inin qumar as\u0131l\u0131l\u0131\u011f\u0131n\u0131n qar\u015f\u0131s\u0131n\u0131n al\u0131nmas\u0131 v\u0259 m\u00fcalic\u0259si \u00fczr\u0259 ixtisasla\u015fm\u0131\u015f beyn\u0259lxalq t\u0259\u015fkilatlarla f\u0259al \u0259m\u0259kda\u015fl\u0131q edir. Bu t\u0259\u015fkilatlardan b\u0259zil\u0259rin\u0259 qumar oyunlar\u0131na n\u0259zar\u0259t etm\u0259kd\u0259 \u00e7\u0259tinlik \u00e7\u0259k\u0259n oyun\u00e7ulara m\u0259sl\u0259h\u0259t v\u0259 d\u0259st\u0259k ver\u0259n GamCare, Gambling Therapy v\u0259 BeGambleAware daxildir.<\/span><\/p>\n<p><span style=\"font-weight: 400;\">Unutmamaq laz\u0131md\u0131r ki, qumar maliyy\u0259 v\u0259 ya psixoloji probleml\u0259r m\u0259nb\u0259yin\u0259 \u00e7evrilm\u0259m\u0259lidir. Melbet t\u0259hl\u00fck\u0259siz v\u0259 m\u0259suliyy\u0259tli qumar oyunlar\u0131na sadiqdir v\u0259 yetkinlik ya\u015f\u0131na \u00e7atmayanlar\u0131n oyunlarda i\u015ftirak\u0131n\u0131 q\u0259ti \u015f\u0259kild\u0259 qada\u011fan edir. Platforma 18 ya\u015fdan ki\u00e7ik istifad\u0259\u00e7il\u0259rin qumar \u0259yl\u0259nc\u0259l\u0259rin\u0259 giri\u015finin qar\u015f\u0131s\u0131n\u0131 almaq \u00fc\u00e7\u00fcn ya\u015f yoxlama sisteml\u0259rind\u0259n istifad\u0259 edir.<\/span><\/p>\n<p><span style=\"font-weight: 400;\">Qumar \u00fcz\u0259rind\u0259 n\u0259zar\u0259ti itirdiyini hiss ed\u0259n oyun\u00e7ular kazinonun d\u0259st\u0259k xidm\u0259ti il\u0259 \u0259laq\u0259 saxlaya bil\u0259r, burada m\u00fct\u0259x\u0259ssisl\u0259r qumar f\u0259aliyy\u0259tini m\u0259hdudla\u015fd\u0131rmaq \u00fc\u00e7\u00fcn \u0259n yax\u015f\u0131 t\u0259dbirl\u0259ri se\u00e7m\u0259y\u0259 k\u00f6m\u0259k ed\u0259c\u0259kl\u0259r. Ba\u015fa d\u00fc\u015fm\u0259k vacibdir ki, m\u0259suliyy\u0259tli oyun rahat v\u0259 t\u0259hl\u00fck\u0259siz \u0259yl\u0259nc\u0259nin a\u00e7ar\u0131d\u0131r v\u0259 \u00f6z\u00fcn\u0259 n\u0259zar\u0259t qaydalar\u0131na riay\u0259t etm\u0259k m\u0259nfi n\u0259tic\u0259l\u0259rd\u0259n qa\u00e7ma\u011fa k\u00f6m\u0259k ed\u0259c\u0259kdir.<\/span><\/p>\n","protected":false},"excerpt":{"rendered":"<p>Melbet Casino-da M\u0259sul Oyun Melbet istifad\u0259\u00e7il\u0259r\u0259 oyun f\u0259aliyy\u0259tin\u0259 n\u0259zar\u0259t etm\u0259k v\u0259 \u00f6zl\u0259rini m\u00fcmk\u00fcn riskl\u0259rd\u0259n qorumaq \u00fc\u00e7\u00fcn al\u0259tl\u0259r t\u0259qdim ed\u0259r\u0259k, m\u0259suliyy\u0259tli oyun prinsipl\u0259rin\u0259 riay\u0259t edir. Kazino anlay\u0131r ki, qumar \u0259yl\u0259nc\u0259 formas\u0131 olaraq qalmal\u0131 v\u0259 problem\u0259 \u00e7evrilm\u0259m\u0259lidir, ona g\u00f6r\u0259 d\u0259 oyun\u00e7ulara m\u00fcxt\u0259lif \u00f6z\u00fcn\u00fc idar\u0259 etm\u0259 t\u0259dbirl\u0259ri t\u0259klif edir. H\u0259r bir istifad\u0259\u00e7i m\u00fcst\u0259qil olaraq depozitl\u0259r, m\u0259rcl\u0259r v\u0259 z\u0259r\u0259rl\u0259r [&hellip;]<\/p>\n","protected":false},"author":1,"featured_media":0,"parent":0,"menu_order":0,"comment_status":"closed","ping_status":"closed","template":"","meta":{"_acf_changed":false,"footnotes":""},"class_list":["post-1561","page","type-page","status-publish","hentry"],"acf":[],"yoast_head":"<!-- This site is optimized with the Yoast SEO plugin v27.1.1 - https:\/\/yoast.com\/product\/yoast-seo-wordpress\/ -->\n<title>Melbet oyun\u00e7ulara nec\u0259 qay\u011f\u0131 g\u00f6st\u0259rir | M\u0259sul Casino Oyunu<\/title>\n<meta name=\"description\" content=\"Limitl\u0259r t\u0259yin edin, \u00f6z\u00fcn\u00fcz\u00fc istisna edin v\u0259 oyununuzu idar\u0259 edin. Melbet-d\u0259 m\u0259sul qumar sizin rahatl\u0131\u011f\u0131n\u0131z v\u0259 t\u0259hl\u00fck\u0259sizliyinizdir.\" \/>\n<meta name=\"robots\" content=\"index, follow, max-snippet:-1, max-image-preview:large, max-video-preview:-1\" \/>\n<link rel=\"canonical\" href=\"https:\/\/casino-amp3.top\/az\/m\u0259suliyy\u0259tli-oyun\/\" \/>\n<meta property=\"og:locale\" content=\"ru_RU\" \/>\n<meta property=\"og:type\" content=\"article\" \/>\n<meta property=\"og:title\" content=\"Melbet oyun\u00e7ulara nec\u0259 qay\u011f\u0131 g\u00f6st\u0259rir | M\u0259sul Casino Oyunu\" \/>\n<meta property=\"og:description\" content=\"Limitl\u0259r t\u0259yin edin, \u00f6z\u00fcn\u00fcz\u00fc istisna edin v\u0259 oyununuzu idar\u0259 edin. Melbet-d\u0259 m\u0259sul qumar sizin rahatl\u0131\u011f\u0131n\u0131z v\u0259 t\u0259hl\u00fck\u0259sizliyinizdir.\" \/>\n<meta property=\"og:url\" content=\"https:\/\/casino-amp3.top\/az\/m\u0259suliyy\u0259tli-oyun\/\" \/>\n<meta property=\"og:site_name\" content=\"casino-amp3.top\" \/>\n<meta name=\"twitter:card\" content=\"summary_large_image\" \/>\n<meta name=\"twitter:label1\" content=\"\u041f\u0440\u0438\u043c\u0435\u0440\u043d\u043e\u0435 \u0432\u0440\u0435\u043c\u044f \u0434\u043b\u044f \u0447\u0442\u0435\u043d\u0438\u044f\" \/>\n\t<meta name=\"twitter:data1\" content=\"2 \u043c\u0438\u043d\u0443\u0442\u044b\" \/>\n<script type=\"application\/ld+json\" class=\"yoast-schema-graph\">{\"@context\":\"https:\/\/schema.org\",\"@graph\":[{\"@type\":\"WebPage\",\"@id\":\"https:\/\/casino-amp3.top\/az\/m%c9%99suliyy%c9%99tli-oyun\/\",\"url\":\"https:\/\/casino-amp3.top\/az\/m%c9%99suliyy%c9%99tli-oyun\/\",\"name\":\"Melbet oyun\u00e7ulara nec\u0259 qay\u011f\u0131 g\u00f6st\u0259rir | M\u0259sul Casino Oyunu\",\"isPartOf\":{\"@id\":\"https:\/\/casino-amp3.top\/#website\"},\"datePublished\":\"2025-02-12T13:28:15+00:00\",\"description\":\"Limitl\u0259r t\u0259yin edin, \u00f6z\u00fcn\u00fcz\u00fc istisna edin v\u0259 oyununuzu idar\u0259 edin. Melbet-d\u0259 m\u0259sul qumar sizin rahatl\u0131\u011f\u0131n\u0131z v\u0259 t\u0259hl\u00fck\u0259sizliyinizdir.\",\"breadcrumb\":{\"@id\":\"https:\/\/casino-amp3.top\/az\/m%c9%99suliyy%c9%99tli-oyun\/#breadcrumb\"},\"inLanguage\":\"ru-RU\",\"potentialAction\":[{\"@type\":\"ReadAction\",\"target\":[\"https:\/\/casino-amp3.top\/az\/m%c9%99suliyy%c9%99tli-oyun\/\"]}]},{\"@type\":\"BreadcrumbList\",\"@id\":\"https:\/\/casino-amp3.top\/az\/m%c9%99suliyy%c9%99tli-oyun\/#breadcrumb\",\"itemListElement\":[{\"@type\":\"ListItem\",\"position\":1,\"name\":\"\u0413\u043b\u0430\u0432\u043d\u0430\u044f \u0441\u0442\u0440\u0430\u043d\u0438\u0446\u0430\",\"item\":\"https:\/\/casino-amp3.top\/\"},{\"@type\":\"ListItem\",\"position\":2,\"name\":\"m\u0259suliyy\u0259tli oyun\"}]},{\"@type\":\"WebSite\",\"@id\":\"https:\/\/casino-amp3.top\/#website\",\"url\":\"https:\/\/casino-amp3.top\/\",\"name\":\"casino-amp3.top\",\"description\":\"\",\"potentialAction\":[{\"@type\":\"SearchAction\",\"target\":{\"@type\":\"EntryPoint\",\"urlTemplate\":\"https:\/\/casino-amp3.top\/?s={search_term_string}\"},\"query-input\":{\"@type\":\"PropertyValueSpecification\",\"valueRequired\":true,\"valueName\":\"search_term_string\"}}],\"inLanguage\":\"ru-RU\"}]}<\/script>\n<!-- \/ Yoast SEO plugin. -->","yoast_head_json":{"title":"Melbet oyun\u00e7ulara nec\u0259 qay\u011f\u0131 g\u00f6st\u0259rir | M\u0259sul Casino Oyunu","description":"Limitl\u0259r t\u0259yin edin, \u00f6z\u00fcn\u00fcz\u00fc istisna edin v\u0259 oyununuzu idar\u0259 edin. Melbet-d\u0259 m\u0259sul qumar sizin rahatl\u0131\u011f\u0131n\u0131z v\u0259 t\u0259hl\u00fck\u0259sizliyinizdir.","robots":{"index":"index","follow":"follow","max-snippet":"max-snippet:-1","max-image-preview":"max-image-preview:large","max-video-preview":"max-video-preview:-1"},"canonical":"https:\/\/casino-amp3.top\/az\/m\u0259suliyy\u0259tli-oyun\/","og_locale":"ru_RU","og_type":"article","og_title":"Melbet oyun\u00e7ulara nec\u0259 qay\u011f\u0131 g\u00f6st\u0259rir | M\u0259sul Casino Oyunu","og_description":"Limitl\u0259r t\u0259yin edin, \u00f6z\u00fcn\u00fcz\u00fc istisna edin v\u0259 oyununuzu idar\u0259 edin. Melbet-d\u0259 m\u0259sul qumar sizin rahatl\u0131\u011f\u0131n\u0131z v\u0259 t\u0259hl\u00fck\u0259sizliyinizdir.","og_url":"https:\/\/casino-amp3.top\/az\/m\u0259suliyy\u0259tli-oyun\/","og_site_name":"casino-amp3.top","twitter_card":"summary_large_image","twitter_misc":{"\u041f\u0440\u0438\u043c\u0435\u0440\u043d\u043e\u0435 \u0432\u0440\u0435\u043c\u044f \u0434\u043b\u044f \u0447\u0442\u0435\u043d\u0438\u044f":"2 \u043c\u0438\u043d\u0443\u0442\u044b"},"schema":{"@context":"https:\/\/schema.org","@graph":[{"@type":"WebPage","@id":"https:\/\/casino-amp3.top\/az\/m%c9%99suliyy%c9%99tli-oyun\/","url":"https:\/\/casino-amp3.top\/az\/m%c9%99suliyy%c9%99tli-oyun\/","name":"Melbet oyun\u00e7ulara nec\u0259 qay\u011f\u0131 g\u00f6st\u0259rir | M\u0259sul Casino Oyunu","isPartOf":{"@id":"https:\/\/casino-amp3.top\/#website"},"datePublished":"2025-02-12T13:28:15+00:00","description":"Limitl\u0259r t\u0259yin edin, \u00f6z\u00fcn\u00fcz\u00fc istisna edin v\u0259 oyununuzu idar\u0259 edin. Melbet-d\u0259 m\u0259sul qumar sizin rahatl\u0131\u011f\u0131n\u0131z v\u0259 t\u0259hl\u00fck\u0259sizliyinizdir.","breadcrumb":{"@id":"https:\/\/casino-amp3.top\/az\/m%c9%99suliyy%c9%99tli-oyun\/#breadcrumb"},"inLanguage":"ru-RU","potentialAction":[{"@type":"ReadAction","target":["https:\/\/casino-amp3.top\/az\/m%c9%99suliyy%c9%99tli-oyun\/"]}]},{"@type":"BreadcrumbList","@id":"https:\/\/casino-amp3.top\/az\/m%c9%99suliyy%c9%99tli-oyun\/#breadcrumb","itemListElement":[{"@type":"ListItem","position":1,"name":"\u0413\u043b\u0430\u0432\u043d\u0430\u044f \u0441\u0442\u0440\u0430\u043d\u0438\u0446\u0430","item":"https:\/\/casino-amp3.top\/"},{"@type":"ListItem","position":2,"name":"m\u0259suliyy\u0259tli oyun"}]},{"@type":"WebSite","@id":"https:\/\/casino-amp3.top\/#website","url":"https:\/\/casino-amp3.top\/","name":"casino-amp3.top","description":"","potentialAction":[{"@type":"SearchAction","target":{"@type":"EntryPoint","urlTemplate":"https:\/\/casino-amp3.top\/?s={search_term_string}"},"query-input":{"@type":"PropertyValueSpecification","valueRequired":true,"valueName":"search_term_string"}}],"inLanguage":"ru-RU"}]}},"amp_enabled":true,"_links":{"self":[{"href":"https:\/\/casino-amp3.top\/wp-json\/wp\/v2\/pages\/1561","targetHints":{"allow":["GET"]}}],"collection":[{"href":"https:\/\/casino-amp3.top\/wp-json\/wp\/v2\/pages"}],"about":[{"href":"https:\/\/casino-amp3.top\/wp-json\/wp\/v2\/types\/page"}],"author":[{"embeddable":true,"href":"https:\/\/casino-amp3.top\/wp-json\/wp\/v2\/users\/1"}],"replies":[{"embeddable":true,"href":"https:\/\/casino-amp3.top\/wp-json\/wp\/v2\/comments?post=1561"}],"version-history":[{"count":1,"href":"https:\/\/casino-amp3.top\/wp-json\/wp\/v2\/pages\/1561\/revisions"}],"predecessor-version":[{"id":1562,"href":"https:\/\/casino-amp3.top\/wp-json\/wp\/v2\/pages\/1561\/revisions\/1562"}],"wp:attachment":[{"href":"https:\/\/casino-amp3.top\/wp-json\/wp\/v2\/media?parent=1561"}],"curies":[{"name":"wp","href":"https:\/\/api.w.org\/{rel}","templated":true}]}}