{"id":1542,"date":"2025-02-12T15:00:57","date_gmt":"2025-02-12T13:00:57","guid":{"rendered":"https:\/\/casino-amp3.top\/?page_id=1542"},"modified":"2025-02-12T15:07:08","modified_gmt":"2025-02-12T13:07:08","slug":"esas-s%c9%99hif%c9%99","status":"publish","type":"page","link":"https:\/\/casino-amp3.top\/az\/","title":{"rendered":"\u018fsas s\u0259hif\u0259"},"content":{"rendered":"","protected":false},"excerpt":{"rendered":"","protected":false},"author":1,"featured_media":0,"parent":0,"menu_order":0,"comment_status":"closed","ping_status":"closed","template":"home.php","meta":{"_acf_changed":false,"footnotes":""},"class_list":["post-1542","page","type-page","status-publish","hentry"],"acf":[],"yoast_head":"<!-- This site is optimized with the Yoast SEO plugin v27.1.1 - https:\/\/yoast.com\/product\/yoast-seo-wordpress\/ -->\n<title>Melbet kazino g\u00fczg\u00fcs\u00fc: \u0259n yax\u015f\u0131 bonuslar sizi g\u00f6zl\u0259yir<\/title>\n<meta name=\"description\" content=\"\u0130\u015fl\u0259y\u0259n Melbet g\u00fczg\u00fcs\u00fc blokdan ke\u00e7m\u0259y\u0259 v\u0259 kazino bonuslar\u0131na v\u0259 qumar oyunlar\u0131na giri\u015f \u0259ld\u0259 etm\u0259y\u0259 k\u00f6m\u0259k ed\u0259c\u0259k.\" \/>\n<meta name=\"robots\" content=\"index, follow, max-snippet:-1, max-image-preview:large, max-video-preview:-1\" \/>\n<link rel=\"canonical\" href=\"https:\/\/casino-amp3.top\/az\/\" \/>\n<meta property=\"og:locale\" content=\"ru_RU\" \/>\n<meta property=\"og:type\" content=\"article\" \/>\n<meta property=\"og:title\" content=\"Melbet kazino g\u00fczg\u00fcs\u00fc: \u0259n yax\u015f\u0131 bonuslar sizi g\u00f6zl\u0259yir\" \/>\n<meta property=\"og:description\" content=\"\u0130\u015fl\u0259y\u0259n Melbet g\u00fczg\u00fcs\u00fc blokdan ke\u00e7m\u0259y\u0259 v\u0259 kazino bonuslar\u0131na v\u0259 qumar oyunlar\u0131na giri\u015f \u0259ld\u0259 etm\u0259y\u0259 k\u00f6m\u0259k ed\u0259c\u0259k.\" \/>\n<meta property=\"og:url\" content=\"https:\/\/casino-amp3.top\/az\/\" \/>\n<meta property=\"og:site_name\" content=\"casino-amp3.top\" \/>\n<meta property=\"article:modified_time\" content=\"2025-02-12T13:07:08+00:00\" \/>\n<meta name=\"twitter:card\" content=\"summary_large_image\" \/>\n<script type=\"application\/ld+json\" class=\"yoast-schema-graph\">{\"@context\":\"https:\/\/schema.org\",\"@graph\":[{\"@type\":\"WebPage\",\"@id\":\"https:\/\/casino-amp3.top\/az\/\",\"url\":\"https:\/\/casino-amp3.top\/az\/\",\"name\":\"Melbet kazino g\u00fczg\u00fcs\u00fc: \u0259n yax\u015f\u0131 bonuslar sizi g\u00f6zl\u0259yir\",\"isPartOf\":{\"@id\":\"https:\/\/casino-amp3.top\/#website\"},\"datePublished\":\"2025-02-12T13:00:57+00:00\",\"dateModified\":\"2025-02-12T13:07:08+00:00\",\"description\":\"\u0130\u015fl\u0259y\u0259n Melbet g\u00fczg\u00fcs\u00fc blokdan ke\u00e7m\u0259y\u0259 v\u0259 kazino bonuslar\u0131na v\u0259 qumar oyunlar\u0131na giri\u015f \u0259ld\u0259 etm\u0259y\u0259 k\u00f6m\u0259k ed\u0259c\u0259k.\",\"breadcrumb\":{\"@id\":\"https:\/\/casino-amp3.top\/az\/#breadcrumb\"},\"inLanguage\":\"ru-RU\",\"potentialAction\":[{\"@type\":\"ReadAction\",\"target\":[\"https:\/\/casino-amp3.top\/az\/\"]}]},{\"@type\":\"BreadcrumbList\",\"@id\":\"https:\/\/casino-amp3.top\/az\/#breadcrumb\",\"itemListElement\":[{\"@type\":\"ListItem\",\"position\":1,\"name\":\"\u0413\u043b\u0430\u0432\u043d\u0430\u044f \u0441\u0442\u0440\u0430\u043d\u0438\u0446\u0430\",\"item\":\"https:\/\/casino-amp3.top\/\"},{\"@type\":\"ListItem\",\"position\":2,\"name\":\"\u018fsas s\u0259hif\u0259\"}]},{\"@type\":\"WebSite\",\"@id\":\"https:\/\/casino-amp3.top\/#website\",\"url\":\"https:\/\/casino-amp3.top\/\",\"name\":\"casino-amp3.top\",\"description\":\"\",\"potentialAction\":[{\"@type\":\"SearchAction\",\"target\":{\"@type\":\"EntryPoint\",\"urlTemplate\":\"https:\/\/casino-amp3.top\/?s={search_term_string}\"},\"query-input\":{\"@type\":\"PropertyValueSpecification\",\"valueRequired\":true,\"valueName\":\"search_term_string\"}}],\"inLanguage\":\"ru-RU\"}]}<\/script>\n<!-- \/ Yoast SEO plugin. -->","yoast_head_json":{"title":"Melbet kazino g\u00fczg\u00fcs\u00fc: \u0259n yax\u015f\u0131 bonuslar sizi g\u00f6zl\u0259yir","description":"\u0130\u015fl\u0259y\u0259n Melbet g\u00fczg\u00fcs\u00fc blokdan ke\u00e7m\u0259y\u0259 v\u0259 kazino bonuslar\u0131na v\u0259 qumar oyunlar\u0131na giri\u015f \u0259ld\u0259 etm\u0259y\u0259 k\u00f6m\u0259k ed\u0259c\u0259k.","robots":{"index":"index","follow":"follow","max-snippet":"max-snippet:-1","max-image-preview":"max-image-preview:large","max-video-preview":"max-video-preview:-1"},"canonical":"https:\/\/casino-amp3.top\/az\/","og_locale":"ru_RU","og_type":"article","og_title":"Melbet kazino g\u00fczg\u00fcs\u00fc: \u0259n yax\u015f\u0131 bonuslar sizi g\u00f6zl\u0259yir","og_description":"\u0130\u015fl\u0259y\u0259n Melbet g\u00fczg\u00fcs\u00fc blokdan ke\u00e7m\u0259y\u0259 v\u0259 kazino bonuslar\u0131na v\u0259 qumar oyunlar\u0131na giri\u015f \u0259ld\u0259 etm\u0259y\u0259 k\u00f6m\u0259k ed\u0259c\u0259k.","og_url":"https:\/\/casino-amp3.top\/az\/","og_site_name":"casino-amp3.top","article_modified_time":"2025-02-12T13:07:08+00:00","twitter_card":"summary_large_image","schema":{"@context":"https:\/\/schema.org","@graph":[{"@type":"WebPage","@id":"https:\/\/casino-amp3.top\/az\/","url":"https:\/\/casino-amp3.top\/az\/","name":"Melbet kazino g\u00fczg\u00fcs\u00fc: \u0259n yax\u015f\u0131 bonuslar sizi g\u00f6zl\u0259yir","isPartOf":{"@id":"https:\/\/casino-amp3.top\/#website"},"datePublished":"2025-02-12T13:00:57+00:00","dateModified":"2025-02-12T13:07:08+00:00","description":"\u0130\u015fl\u0259y\u0259n Melbet g\u00fczg\u00fcs\u00fc blokdan ke\u00e7m\u0259y\u0259 v\u0259 kazino bonuslar\u0131na v\u0259 qumar oyunlar\u0131na giri\u015f \u0259ld\u0259 etm\u0259y\u0259 k\u00f6m\u0259k ed\u0259c\u0259k.","breadcrumb":{"@id":"https:\/\/casino-amp3.top\/az\/#breadcrumb"},"inLanguage":"ru-RU","potentialAction":[{"@type":"ReadAction","target":["https:\/\/casino-amp3.top\/az\/"]}]},{"@type":"BreadcrumbList","@id":"https:\/\/casino-amp3.top\/az\/#breadcrumb","itemListElement":[{"@type":"ListItem","position":1,"name":"\u0413\u043b\u0430\u0432\u043d\u0430\u044f \u0441\u0442\u0440\u0430\u043d\u0438\u0446\u0430","item":"https:\/\/casino-amp3.top\/"},{"@type":"ListItem","position":2,"name":"\u018fsas s\u0259hif\u0259"}]},{"@type":"WebSite","@id":"https:\/\/casino-amp3.top\/#website","url":"https:\/\/casino-amp3.top\/","name":"casino-amp3.top","description":"","potentialAction":[{"@type":"SearchAction","target":{"@type":"EntryPoint","urlTemplate":"https:\/\/casino-amp3.top\/?s={search_term_string}"},"query-input":{"@type":"PropertyValueSpecification","valueRequired":true,"valueName":"search_term_string"}}],"inLanguage":"ru-RU"}]}},"amp_enabled":true,"_links":{"self":[{"href":"https:\/\/casino-amp3.top\/wp-json\/wp\/v2\/pages\/1542","targetHints":{"allow":["GET"]}}],"collection":[{"href":"https:\/\/casino-amp3.top\/wp-json\/wp\/v2\/pages"}],"about":[{"href":"https:\/\/casino-amp3.top\/wp-json\/wp\/v2\/types\/page"}],"author":[{"embeddable":true,"href":"https:\/\/casino-amp3.top\/wp-json\/wp\/v2\/users\/1"}],"replies":[{"embeddable":true,"href":"https:\/\/casino-amp3.top\/wp-json\/wp\/v2\/comments?post=1542"}],"version-history":[{"count":2,"href":"https:\/\/casino-amp3.top\/wp-json\/wp\/v2\/pages\/1542\/revisions"}],"predecessor-version":[{"id":1545,"href":"https:\/\/casino-amp3.top\/wp-json\/wp\/v2\/pages\/1542\/revisions\/1545"}],"wp:attachment":[{"href":"https:\/\/casino-amp3.top\/wp-json\/wp\/v2\/media?parent=1542"}],"curies":[{"name":"wp","href":"https:\/\/api.w.org\/{rel}","templated":true}]}}